{"id":94,"date":"2023-08-17T17:41:19","date_gmt":"2023-08-17T17:41:19","guid":{"rendered":"https:\/\/lead2green.com\/?page_id=94"},"modified":"2025-07-22T09:13:45","modified_gmt":"2025-07-22T09:13:45","slug":"impressum","status":"publish","type":"page","link":"https:\/\/lead2green.com\/index.php\/impressum\/","title":{"rendered":"Impressum"},"content":{"rendered":"\t\t<div data-elementor-type=\"wp-page\" data-elementor-id=\"94\" class=\"elementor elementor-94\">\n\t\t\t\t\t\t<section class=\"elementor-section elementor-top-section elementor-element elementor-element-3a5a570d elementor-section-boxed elementor-section-height-default elementor-section-height-default\" data-id=\"3a5a570d\" data-element_type=\"section\" data-e-type=\"section\">\n\t\t\t\t\t\t<div class=\"elementor-container elementor-column-gap-default\">\n\t\t\t\t\t<div class=\"elementor-column elementor-col-100 elementor-top-column elementor-element elementor-element-2b3af731\" data-id=\"2b3af731\" data-element_type=\"column\" data-e-type=\"column\">\n\t\t\t<div class=\"elementor-widget-wrap elementor-element-populated\">\n\t\t\t\t\t\t<div class=\"elementor-element elementor-element-5b304ee7 elementor-widget elementor-widget-text-editor\" data-id=\"5b304ee7\" data-element_type=\"widget\" data-e-type=\"widget\" data-widget_type=\"text-editor.default\">\n\t\t\t\t<div class=\"elementor-widget-container\">\n\t\t\t\t\t\t\t\t\t<h1>Impressum<\/h1>\n<h2>Diensteanbieter<\/h2>\n<p>Lead2Green GbR<\/p>\n<p>Lorenz Seuberth und Nadia Borsotto<\/p>\n<p>Saum 9,\u00a072505 Krauchenwies,\u00a0Deutschland<\/p>\n<h2>Kontaktm\u00f6glichkeiten<\/h2>\n<p>E-Mail-Adresse: <a href=\"mailto:info@lead2green.com\">info@lead2green.com<\/a>\u00a0<\/p>\n<p>Telefon: +49 151 505 83 876<\/p>\n<h2>Angaben zum Unternehmen<\/h2>\n<p>Umsatzsteuer Identifikationsnummer (USt-ID): DE363067214<\/p>\n<p>Gesch\u00e4ftsbereich: Beratung<\/p>\n<h2>Social Media und andere Onlinepr\u00e4senzen<\/h2>\n<p>Dieses Impressum gilt auch f\u00fcr die folgenden Social-Media-Pr\u00e4senzen und Onlineprofile:<\/p>\n<p>www.facebook.com<\/p>\n<p>www.instagram.com<\/p>\n<p>www.youtube.com<\/p>\n<h2>Haftungs- und Schutzrechtshinweise<\/h2>\n<p>Haftungsausschluss: Die Inhalte dieses Onlineangebotes wurden sorgf\u00e4ltig und nach unserem aktuellen Kenntnisstand erstellt, dienen jedoch nur der Information und entfalten keine rechtlich bindende Wirkung, sofern es sich nicht um gesetzlich verpflichtende Informationen (z.B. das Impressum, die Datenschutzerkl\u00e4rung, AGB oder verpflichtende Belehrungen von Verbrauchern) handelt. Wir behalten uns vor, die Inhalte vollst\u00e4ndig oder teilweise zu \u00e4ndern oder zu l\u00f6schen, soweit vertragliche Verpflichtungen unber\u00fchrt bleiben. Alle Angebote sind freibleibend und unverbindlich.<\/p>\n<p>Links auf fremde Webseiten: Die Inhalte fremder Webseiten, auf die wir direkt oder indirekt verweisen, liegen au\u00dferhalb unseres Verantwortungsbereiches und wir machen sie uns nicht zu Eigen. F\u00fcr alle Inhalte und Nachteile, die aus der Nutzung der in den verlinkten Webseiten aufrufbaren Informationen entstehen, \u00fcbernehmen wir keine Verantwortung.<\/p>\n<p>Urheberrechte und Markenrechte: Alle auf dieser Website dargestellten Inhalte, wie Texte, Fotografien, Grafiken, Marken und Warenzeichen sind durch die jeweiligen Schutzrechte (Urheberrechte, Markenrechte) gesch\u00fctzt. Die Verwendung, Vervielf\u00e4ltigung usw. unterliegen unseren Rechten oder den Rechten der jeweiligen Urheber bzw. Rechteinhaber.<\/p>\n<h2>Bildnachweise<\/h2>\n<p>Bildquellen und Urheberrechtshinweise:<\/p>\n<p>pixabay.com<\/p>\n<p>pexels.com<\/p>\n<p><!-- \/wp:html --><\/p>\t\t\t\t\t\t\t\t<\/div>\n\t\t\t\t<\/div>\n\t\t\t\t\t<\/div>\n\t\t<\/div>\n\t\t\t\t\t<\/div>\n\t\t<\/section>\n\t\t\t\t<\/div>\n\t\t","protected":false},"excerpt":{"rendered":"<p>Impressum Diensteanbieter Lead2Green GbR Lorenz Seuberth und Nadia Borsotto Saum 9,\u00a072505 Krauchenwies,\u00a0Deutschland Kontaktm\u00f6glichkeiten E-Mail-Adresse: info@lead2green.com\u00a0 Telefon: +49 151 505 83 876 Angaben zum Unternehmen Umsatzsteuer Identifikationsnummer (USt-ID): DE363067214 Gesch\u00e4ftsbereich: Beratung Social Media und andere Onlinepr\u00e4senzen Dieses Impressum gilt auch f\u00fcr die folgenden Social-Media-Pr\u00e4senzen und Onlineprofile: www.facebook.com www.instagram.com www.youtube.com Haftungs- und Schutzrechtshinweise Haftungsausschluss: Die Inhalte dieses [&hellip;]<\/p>\n","protected":false},"author":1,"featured_media":0,"parent":0,"menu_order":0,"comment_status":"closed","ping_status":"closed","template":"","meta":{"site-sidebar-layout":"no-sidebar","site-content-layout":"page-builder","ast-site-content-layout":"","site-content-style":"default","site-sidebar-style":"default","ast-global-header-display":"","ast-banner-title-visibility":"","ast-main-header-display":"","ast-hfb-above-header-display":"","ast-hfb-below-header-display":"","ast-hfb-mobile-header-display":"","site-post-title":"disabled","ast-breadcrumbs-content":"","ast-featured-img":"disabled","footer-sml-layout":"","theme-transparent-header-meta":"","adv-header-id-meta":"","stick-header-meta":"","header-above-stick-meta":"","header-main-stick-meta":"","header-below-stick-meta":"","astra-migrate-meta-layouts":"default","ast-page-background-enabled":"default","ast-page-background-meta":{"desktop":{"background-color":"var(--ast-global-color-4)","background-image":"","background-repeat":"repeat","background-position":"center center","background-size":"auto","background-attachment":"scroll","background-type":"","background-media":"","overlay-type":"","overlay-color":"","overlay-opacity":"","overlay-gradient":""},"tablet":{"background-color":"","background-image":"","background-repeat":"repeat","background-position":"center center","background-size":"auto","background-attachment":"scroll","background-type":"","background-media":"","overlay-type":"","overlay-color":"","overlay-opacity":"","overlay-gradient":""},"mobile":{"background-color":"","background-image":"","background-repeat":"repeat","background-position":"center center","background-size":"auto","background-attachment":"scroll","background-type":"","background-media":"","overlay-type":"","overlay-color":"","overlay-opacity":"","overlay-gradient":""}},"ast-content-background-meta":{"desktop":{"background-color":"var(--ast-global-color-5)","background-image":"","background-repeat":"repeat","background-position":"center center","background-size":"auto","background-attachment":"scroll","background-type":"","background-media":"","overlay-type":"","overlay-color":"","overlay-opacity":"","overlay-gradient":""},"tablet":{"background-color":"var(--ast-global-color-5)","background-image":"","background-repeat":"repeat","background-position":"center center","background-size":"auto","background-attachment":"scroll","background-type":"","background-media":"","overlay-type":"","overlay-color":"","overlay-opacity":"","overlay-gradient":""},"mobile":{"background-color":"var(--ast-global-color-5)","background-image":"","background-repeat":"repeat","background-position":"center center","background-size":"auto","background-attachment":"scroll","background-type":"","background-media":"","overlay-type":"","overlay-color":"","overlay-opacity":"","overlay-gradient":""}},"footnotes":""},"class_list":["post-94","page","type-page","status-publish","hentry"],"yoast_head":"<!-- This site is optimized with the Yoast SEO plugin v27.4 - https:\/\/yoast.com\/product\/yoast-seo-wordpress\/ -->\n<title>Impressum - Lead2Green | Energieberatung<\/title>\n<meta name=\"robots\" content=\"index, follow, max-snippet:-1, max-image-preview:large, max-video-preview:-1\" \/>\n<link rel=\"canonical\" href=\"https:\/\/lead2green.com\/index.php\/impressum\/\" \/>\n<meta property=\"og:locale\" content=\"en_US\" \/>\n<meta property=\"og:type\" content=\"article\" \/>\n<meta property=\"og:title\" content=\"Impressum - Lead2Green | Energieberatung\" \/>\n<meta property=\"og:description\" content=\"Impressum Diensteanbieter Lead2Green GbR Lorenz Seuberth und Nadia Borsotto Saum 9,\u00a072505 Krauchenwies,\u00a0Deutschland Kontaktm\u00f6glichkeiten E-Mail-Adresse: info@lead2green.com\u00a0 Telefon: +49 151 505 83 876 Angaben zum Unternehmen Umsatzsteuer Identifikationsnummer (USt-ID): DE363067214 Gesch\u00e4ftsbereich: Beratung Social Media und andere Onlinepr\u00e4senzen Dieses Impressum gilt auch f\u00fcr die folgenden Social-Media-Pr\u00e4senzen und Onlineprofile: www.facebook.com www.instagram.com www.youtube.com Haftungs- und Schutzrechtshinweise Haftungsausschluss: Die Inhalte dieses [&hellip;]\" \/>\n<meta property=\"og:url\" content=\"https:\/\/lead2green.com\/index.php\/impressum\/\" \/>\n<meta property=\"og:site_name\" content=\"Lead2Green | Energieberatung\" \/>\n<meta property=\"article:modified_time\" content=\"2025-07-22T09:13:45+00:00\" \/>\n<meta name=\"twitter:card\" content=\"summary_large_image\" \/>\n<meta name=\"twitter:label1\" content=\"Est. reading time\" \/>\n\t<meta name=\"twitter:data1\" content=\"1 minute\" \/>\n<script type=\"application\/ld+json\" class=\"yoast-schema-graph\">{\"@context\":\"https:\\\/\\\/schema.org\",\"@graph\":[{\"@type\":\"WebPage\",\"@id\":\"https:\\\/\\\/lead2green.com\\\/index.php\\\/impressum\\\/\",\"url\":\"https:\\\/\\\/lead2green.com\\\/index.php\\\/impressum\\\/\",\"name\":\"Impressum - Lead2Green | Energieberatung\",\"isPartOf\":{\"@id\":\"https:\\\/\\\/lead2green.com\\\/#website\"},\"datePublished\":\"2023-08-17T17:41:19+00:00\",\"dateModified\":\"2025-07-22T09:13:45+00:00\",\"breadcrumb\":{\"@id\":\"https:\\\/\\\/lead2green.com\\\/index.php\\\/impressum\\\/#breadcrumb\"},\"inLanguage\":\"en-US\",\"potentialAction\":[{\"@type\":\"ReadAction\",\"target\":[\"https:\\\/\\\/lead2green.com\\\/index.php\\\/impressum\\\/\"]}]},{\"@type\":\"BreadcrumbList\",\"@id\":\"https:\\\/\\\/lead2green.com\\\/index.php\\\/impressum\\\/#breadcrumb\",\"itemListElement\":[{\"@type\":\"ListItem\",\"position\":1,\"name\":\"Home\",\"item\":\"https:\\\/\\\/lead2green.com\\\/\"},{\"@type\":\"ListItem\",\"position\":2,\"name\":\"Impressum\"}]},{\"@type\":\"WebSite\",\"@id\":\"https:\\\/\\\/lead2green.com\\\/#website\",\"url\":\"https:\\\/\\\/lead2green.com\\\/\",\"name\":\"Lead2Green | Energieberatung\",\"description\":\"\",\"publisher\":{\"@id\":\"https:\\\/\\\/lead2green.com\\\/#organization\"},\"potentialAction\":[{\"@type\":\"SearchAction\",\"target\":{\"@type\":\"EntryPoint\",\"urlTemplate\":\"https:\\\/\\\/lead2green.com\\\/?s={search_term_string}\"},\"query-input\":{\"@type\":\"PropertyValueSpecification\",\"valueRequired\":true,\"valueName\":\"search_term_string\"}}],\"inLanguage\":\"en-US\"},{\"@type\":\"Organization\",\"@id\":\"https:\\\/\\\/lead2green.com\\\/#organization\",\"name\":\"Lead2Green | Energieberatung\",\"url\":\"https:\\\/\\\/lead2green.com\\\/\",\"logo\":{\"@type\":\"ImageObject\",\"inLanguage\":\"en-US\",\"@id\":\"https:\\\/\\\/lead2green.com\\\/#\\\/schema\\\/logo\\\/image\\\/\",\"url\":\"https:\\\/\\\/lead2green.com\\\/wp-content\\\/uploads\\\/2023\\\/10\\\/cropped-cropped-cropped-Green-with-black-background.png\",\"contentUrl\":\"https:\\\/\\\/lead2green.com\\\/wp-content\\\/uploads\\\/2023\\\/10\\\/cropped-cropped-cropped-Green-with-black-background.png\",\"width\":512,\"height\":512,\"caption\":\"Lead2Green | Energieberatung\"},\"image\":{\"@id\":\"https:\\\/\\\/lead2green.com\\\/#\\\/schema\\\/logo\\\/image\\\/\"}}]}<\/script>\n<!-- \/ Yoast SEO plugin. -->","yoast_head_json":{"title":"Impressum - Lead2Green | Energieberatung","robots":{"index":"index","follow":"follow","max-snippet":"max-snippet:-1","max-image-preview":"max-image-preview:large","max-video-preview":"max-video-preview:-1"},"canonical":"https:\/\/lead2green.com\/index.php\/impressum\/","og_locale":"en_US","og_type":"article","og_title":"Impressum - Lead2Green | Energieberatung","og_description":"Impressum Diensteanbieter Lead2Green GbR Lorenz Seuberth und Nadia Borsotto Saum 9,\u00a072505 Krauchenwies,\u00a0Deutschland Kontaktm\u00f6glichkeiten E-Mail-Adresse: info@lead2green.com\u00a0 Telefon: +49 151 505 83 876 Angaben zum Unternehmen Umsatzsteuer Identifikationsnummer (USt-ID): DE363067214 Gesch\u00e4ftsbereich: Beratung Social Media und andere Onlinepr\u00e4senzen Dieses Impressum gilt auch f\u00fcr die folgenden Social-Media-Pr\u00e4senzen und Onlineprofile: www.facebook.com www.instagram.com www.youtube.com Haftungs- und Schutzrechtshinweise Haftungsausschluss: Die Inhalte dieses [&hellip;]","og_url":"https:\/\/lead2green.com\/index.php\/impressum\/","og_site_name":"Lead2Green | Energieberatung","article_modified_time":"2025-07-22T09:13:45+00:00","twitter_card":"summary_large_image","twitter_misc":{"Est. reading time":"1 minute"},"schema":{"@context":"https:\/\/schema.org","@graph":[{"@type":"WebPage","@id":"https:\/\/lead2green.com\/index.php\/impressum\/","url":"https:\/\/lead2green.com\/index.php\/impressum\/","name":"Impressum - Lead2Green | Energieberatung","isPartOf":{"@id":"https:\/\/lead2green.com\/#website"},"datePublished":"2023-08-17T17:41:19+00:00","dateModified":"2025-07-22T09:13:45+00:00","breadcrumb":{"@id":"https:\/\/lead2green.com\/index.php\/impressum\/#breadcrumb"},"inLanguage":"en-US","potentialAction":[{"@type":"ReadAction","target":["https:\/\/lead2green.com\/index.php\/impressum\/"]}]},{"@type":"BreadcrumbList","@id":"https:\/\/lead2green.com\/index.php\/impressum\/#breadcrumb","itemListElement":[{"@type":"ListItem","position":1,"name":"Home","item":"https:\/\/lead2green.com\/"},{"@type":"ListItem","position":2,"name":"Impressum"}]},{"@type":"WebSite","@id":"https:\/\/lead2green.com\/#website","url":"https:\/\/lead2green.com\/","name":"Lead2Green | Energieberatung","description":"","publisher":{"@id":"https:\/\/lead2green.com\/#organization"},"potentialAction":[{"@type":"SearchAction","target":{"@type":"EntryPoint","urlTemplate":"https:\/\/lead2green.com\/?s={search_term_string}"},"query-input":{"@type":"PropertyValueSpecification","valueRequired":true,"valueName":"search_term_string"}}],"inLanguage":"en-US"},{"@type":"Organization","@id":"https:\/\/lead2green.com\/#organization","name":"Lead2Green | Energieberatung","url":"https:\/\/lead2green.com\/","logo":{"@type":"ImageObject","inLanguage":"en-US","@id":"https:\/\/lead2green.com\/#\/schema\/logo\/image\/","url":"https:\/\/lead2green.com\/wp-content\/uploads\/2023\/10\/cropped-cropped-cropped-Green-with-black-background.png","contentUrl":"https:\/\/lead2green.com\/wp-content\/uploads\/2023\/10\/cropped-cropped-cropped-Green-with-black-background.png","width":512,"height":512,"caption":"Lead2Green | Energieberatung"},"image":{"@id":"https:\/\/lead2green.com\/#\/schema\/logo\/image\/"}}]}},"_links":{"self":[{"href":"https:\/\/lead2green.com\/index.php\/wp-json\/wp\/v2\/pages\/94","targetHints":{"allow":["GET"]}}],"collection":[{"href":"https:\/\/lead2green.com\/index.php\/wp-json\/wp\/v2\/pages"}],"about":[{"href":"https:\/\/lead2green.com\/index.php\/wp-json\/wp\/v2\/types\/page"}],"author":[{"embeddable":true,"href":"https:\/\/lead2green.com\/index.php\/wp-json\/wp\/v2\/users\/1"}],"replies":[{"embeddable":true,"href":"https:\/\/lead2green.com\/index.php\/wp-json\/wp\/v2\/comments?post=94"}],"version-history":[{"count":25,"href":"https:\/\/lead2green.com\/index.php\/wp-json\/wp\/v2\/pages\/94\/revisions"}],"predecessor-version":[{"id":2207,"href":"https:\/\/lead2green.com\/index.php\/wp-json\/wp\/v2\/pages\/94\/revisions\/2207"}],"wp:attachment":[{"href":"https:\/\/lead2green.com\/index.php\/wp-json\/wp\/v2\/media?parent=94"}],"curies":[{"name":"wp","href":"https:\/\/api.w.org\/{rel}","templated":true}]}}